{"id":2154,"date":"2025-02-14T10:37:21","date_gmt":"2025-02-14T09:37:21","guid":{"rendered":"https:\/\/horecaleadership.com\/?page_id=2154"},"modified":"2025-06-03T13:20:33","modified_gmt":"2025-06-03T11:20:33","slug":"aviso-legal","status":"publish","type":"page","link":"https:\/\/horecaleadership.com\/ca\/aviso-legal\/","title":{"rendered":"Av\u00eds legal"},"content":{"rendered":"<div data-elementor-type=\"wp-page\" data-elementor-id=\"2154\" class=\"elementor elementor-2154\" data-elementor-post-type=\"page\">\n\t\t\t\t<div class=\"elementor-element elementor-element-5b542c8 e-flex e-con-boxed e-con e-parent\" data-id=\"5b542c8\" data-element_type=\"container\">\n\t\t\t\t\t<div class=\"e-con-inner\">\n\t\t\t\t<div class=\"elementor-element elementor-element-f0a4f76 elementor-widget elementor-widget-text-editor\" data-id=\"f0a4f76\" data-element_type=\"widget\" data-no-translation=\"\" data-widget_type=\"text-editor.default\">\n\t\t\t\t<div class=\"elementor-widget-container\">\n\t\t\t\t\t<style>.elementor-element-f0a4f76{display:none !important}<\/style>\t\t\t\t<\/div>\n\t\t\t\t<\/div>\n\t\t\t\t<div class=\"elementor-element elementor-element-b2cb882 elementor-widget elementor-widget-text-editor\" data-id=\"b2cb882\" data-element_type=\"widget\" data-no-translation=\"\" data-widget_type=\"text-editor.default\">\n\t\t\t\t<div class=\"elementor-widget-container\">\n\t\t\t\t\t<style>.elementor-element-b2cb882{display:none !important}<\/style>\t\t\t\t<\/div>\n\t\t\t\t<\/div>\n\t\t\t\t<div class=\"elementor-element elementor-element-710ba9f elementor-widget elementor-widget-text-editor\" data-id=\"710ba9f\" data-element_type=\"widget\" data-no-translation=\"\" data-widget_type=\"text-editor.default\">\n\t\t\t\t<div class=\"elementor-widget-container\">\n\t\t\t\t\t\t\t\t\t<h3>AV\u00cdS LEGAL I CONDICIONS GENERALS D&#8217;\u00daS<\/h3>\n<h4 dir=\"auto\"><a href=\"http:\/\/www.horecaleadership.com\/\">www.horecaleadership.com<\/a><\/h4>\n<hr>\n<h4 dir=\"auto\">I. INFORMACI\u00d3 GENERAL<\/h4>\n<p dir=\"auto\">En compliment del deure d&#8217;informaci\u00f3 establert en la Llei 34\/2002, de l&#8217;11 de juliol, de Serveis de la Societat de la Informaci\u00f3 i el Comer\u00e7 Electr\u00f2nic (LSSI-CE), es faciliten a continuaci\u00f3 els seg\u00fcents dades d&#8217;informaci\u00f3 general d&#8217;aquest lloc web:<\/p>\n<p dir=\"auto\">La titularitat d&#8217;aquest lloc web, <a href=\"http:\/\/www.horecaleadership.com\/\">www.horecaleadership.com<\/a>, (d&#8217;ara endavant, Lloc Web) la ostenta: HORECA Leadership Group, SLU, amb NIF: B70791165, i les seves dades de contacte s\u00f3n:<\/p>\n<p dir=\"auto\">Adre\u00e7a: c\/ Doctor Fleming, 9 Esc A 5.1. 08017 Barcelona<\/p>\n<p dir=\"auto\">Dades Registrals: Inscrita al Registre Mercantil de Barcelona, Llibre 49196, Foli 118, Full B 611166, Inscripci\u00f3 1\u00aa<\/p>\n<p dir=\"auto\">Correu electr\u00f2nic de contacte: <a href=\"mailto:info@horecaleadership.com\">info@horecaleadership.com<\/a><\/p>\n<h4 dir=\"auto\">II. TERMINIS I CONDICIONS GENERALS D&#8217;\u00daS<\/h4>\n<h4 dir=\"auto\">Objecte de les Condicions: El Lloc Web<\/h4>\n<p dir=\"auto\">L&#8217;objecte de les presents Condicions Generals d&#8217;\u00das (d&#8217;ara endavant, Condicions) \u00e9s regular l&#8217;acc\u00e9s i l&#8217;\u00fas del Lloc Web. A efectes de les presents Condicions, s&#8217;entendr\u00e0 com a Lloc Web: l&#8217;aparen\u00e7a externa dels interf\u00edcies de pantalla, tant de forma est\u00e0tica com de forma din\u00e0mica, \u00e9s a dir, l&#8217;arbre de navegaci\u00f3; i tots els elements integrats tant en els interf\u00edcies de pantalla com en l&#8217;arbre de navegaci\u00f3 (d&#8217;ara endavant, Continguts) i tots aquells serveis o recursos en l\u00ednia que, en el seu cas, s&#8217;ofereixin als Usuaris (d&#8217;ara endavant, Serveis).<\/p>\n<p dir=\"auto\">Sociedad es reserva la facultat de modificar, en qualsevol moment i sense previ av\u00eds, la presentaci\u00f3 i configuraci\u00f3 del Lloc Web i dels Continguts i Serveis que puguin estar-hi incorporats. L&#8217;Usuari reconeix i accepta que en qualsevol moment Sociedad pugui interrompre, desactivar i\/o cancel\u00b7lar qualsevol d&#8217;aquests elements que s&#8217;integren en el Lloc Web o l&#8217;acc\u00e9s a ells.<\/p>\n<p dir=\"auto\">L&#8217;acc\u00e9s al Lloc Web per part de l&#8217;Usuari t\u00e9 car\u00e0cter lliure i, per regla general, \u00e9s gratu\u00eft sense que l&#8217;Usuari hagi de proporcionar una contraprestaci\u00f3 per poder gaudir d&#8217;ell, excepte en el referit al cost de connexi\u00f3 a trav\u00e9s de la xarxa de telecomunicacions subministrada per el prove\u00efdor d&#8217;acc\u00e9s que hagu\u00e9s contractat l&#8217;Usuari.<\/p>\n<p dir=\"auto\">A banda del cost de connexi\u00f3 a trav\u00e9s de la xarxa de telecomunicacions subministrada pel prove\u00efdor d&#8217;acc\u00e9s, i que hagu\u00e9s contractat l&#8217;Usuari, alguns dels Continguts o Serveis oferts per Sociedad o, en el seu cas, per tercers a trav\u00e9s del Lloc Web poden trobar-se subjectes a la contractaci\u00f3 pr\u00e8via del Contingut o Servei, en el qual cas s&#8217;especificar\u00e0 de forma clara i\/o es posaran a disposici\u00f3 de l&#8217;Usuari les corresponents Condicions Generals o Particulars per les quals es regeixi aix\u00f2.<\/p>\n<p dir=\"auto\">La utilitzaci\u00f3 de alguns dels Continguts o Serveis del Lloc Web pot fer-se mitjan\u00e7ant la subscripci\u00f3 o registre previ de l&#8217;Usuari.<\/p>\n<p dir=\"auto\">La utilitzaci\u00f3 dels Continguts no requereix pr\u00e8via subscripci\u00f3 o registre algun.<\/p>\n<h4 dir=\"auto\">L&#8217;Usuari<\/h4>\n<p dir=\"auto\">L&#8217;acc\u00e9s, la navegaci\u00f3 i \u00fas del Lloc Web, aix\u00ed com pels espais habilitats per interactuar entre els Usuaris, i l&#8217;Usuari i Sociedad, com els comentaris i\/o espais de blogging, confereix la condici\u00f3 d&#8217;Usuari, per la qual cosa s&#8217;accepten, des que s&#8217;inicia la navegaci\u00f3 pel Lloc Web, totes les Condicions aqu\u00ed establertes, aix\u00ed com les seves ulteriors modificacions, sense perjudici de l&#8217;aplicaci\u00f3 de la corresponent normativa legal d&#8217;obligat compliment segons el cas. Donada la import\u00e0ncia d&#8217;aix\u00f2, es recomana a l&#8217;Usuari llegir-les cada vegada que visiti el Lloc Web.<\/p>\n<p dir=\"auto\">El Lloc Web de Sociedad proporciona una gran diversitat d&#8217;informaci\u00f3, serveis i dades. L&#8217;Usuari assumeix la seva responsabilitat per fer un \u00fas correcte del Lloc Web. Aquesta responsabilitat s&#8217;estendr\u00e0 a:<\/p>\n<ul>\n<li>Un \u00fas de la informaci\u00f3, Continguts i\/o Serveis i dades oferts per Sociedad sense que sigui contrari al disposat per les presents Condicions, la Llei, la moral o l&#8217;ordre p\u00fablic, o que de qualsevol altra manera pugui suposar lesi\u00f3 dels drets de tercers o el mateix funcionament del Lloc Web.<\/li>\n<li>La veracitat i llicitud de les informacions aportades per l&#8217;Usuari en els formularis estesos per Sociedad per a l&#8217;acc\u00e9s a certs Continguts o Serveis oferts pel Lloc Web. En qualsevol cas, l&#8217;Usuari notificar\u00e0 de forma immediata a Sociedad sobre qualsevol fet que permeti l&#8217;\u00fas indegut de la informaci\u00f3 registrada en aquests formularis, tals com, per\u00f2 no limitats a, el robatori, extravi\u00f3, o l&#8217;acc\u00e9s no autoritzat a identificadors i\/o contrasenyes, amb la finalitat de procedir a la seva immediata cancel\u00b7laci\u00f3.<\/li>\n<\/ul>\n<p dir=\"auto\">Sociedad es reserva el dret de retirar tots aquells comentaris i aportacions que vulnerin la llei, el respecte a la dignitat de la persona, que siguin discriminatoris, xen\u00f2fobs, racistes, pornogr\u00e0fics, spamming, que atemptin contra la joventut o la inf\u00e0ncia, l&#8217;ordre o la seguretat p\u00fablica o que, segons el seu judici, no siguin adequats per a la seva publicaci\u00f3.<\/p>\n<p dir=\"auto\">En qualsevol cas, Sociedad no ser\u00e0 responsable de les opinions vertudes per els Usuaris a trav\u00e9s de comentaris o altres mitjans de participaci\u00f3 que puguin existir.<\/p>\n<p dir=\"auto\">El mer acc\u00e9s a aquest Lloc Web no suposa entaular cap tipus de relaci\u00f3 comercial entre Sociedad i l&#8217;Usuari.<\/p>\n<p dir=\"auto\">L&#8217;Usuari declara ser major d&#8217;edat i disposar de la capacitat jur\u00eddica suficient per vincular-se per les presents Condicions. Per tant, aquest Lloc Web de Sociedad no es dirigeix a menors d&#8217;edat. Sociedad declina qualsevol responsabilitat pel compliment d&#8217;aquest requisit.<\/p>\n<p dir=\"auto\">Sempre en el compliment de la legislaci\u00f3 vigent, aquest Lloc Web de Sociedad es dirigeix a totes les persones, sense importar la seva edat, que puguin accedir i\/o navegar per les p\u00e0gines del Lloc Web.<\/p>\n<p dir=\"auto\">El Lloc Web est\u00e0 dirigit principalment a Usuaris residents a Espanya. Sociedad no assegura que el Lloc Web compleixi amb legislacions d&#8217;altres pa\u00efsos, ja sigui total o parcialment. Si l&#8217;Usuari resideix o t\u00e9 el seu domicili en un altre lloc i decideix accedir i\/o navegar pel Lloc Web ho far\u00e0 sota la seva pr\u00f2pia responsabilitat, i haur\u00e0 d&#8217;assegurar-se que aquest acc\u00e9s i navegaci\u00f3 compleixen amb la legislaci\u00f3 local que li \u00e9s aplicable, sense que Sociedad assumi cap responsabilitat que se&#8217;n pugui derivar.<\/p>\n<h4 dir=\"auto\">III. ACC\u00c9S I NAVEGACI\u00d3 EN EL LLOC WEB: EXCLUSI\u00d3 DE GARANTIES I RESPONSABILITAT<\/h4>\n<p dir=\"auto\">Sociedad no garanteix la continu\u00eftat, disponibilitat i utilitat del Lloc Web, ni dels Continguts o Serveis. Sociedad far\u00e0 tot el possible per al bon funcionament del Lloc Web, per\u00f2 no s&#8217;obliga ni garanteix que l&#8217;acc\u00e9s a aquest Lloc Web no ser\u00e0 interromput o que estar\u00e0 lliure d&#8217;errors.<\/p>\n<p dir=\"auto\">Tampoc no s&#8217;obliga ni garanteix que el contingut o programari al qual es pugui accedir a trav\u00e9s d&#8217;aquest Lloc Web, estigui lliure d&#8217;errors o causi un dany al sistema inform\u00e0tic (programari i maquinari) de l&#8217;Usuari. En cap cas Sociedad ser\u00e0 responsable de les p\u00e8rdues, danys o perjudicis de qualsevol tipus que sorgeixin per l&#8217;acc\u00e9s, navegaci\u00f3 i \u00fas del Lloc Web, incloent-hi, per\u00f2 sense limitar-se a, els ocasionats als sistemes inform\u00e0tics o els provocats per la introducci\u00f3 de virus.<\/p>\n<p dir=\"auto\">Sociedad tampoc no es fa responsable dels danys que puguin ocasionar-se als usuaris per un \u00fas inadequat d&#8217;aquest Lloc Web. En particular, no es fa responsable en cap manera de les caigudes, interrupcions, falta o defecte de les telecomunicacions que puguin oc\u00f3rrer.<\/p>\n<h4 dir=\"auto\">IV. POL\u00cdTICA D&#8217;ENLLA\u00c7OS<\/h4>\n<p dir=\"auto\">Es informa que el Lloc Web de Sociedad posa o pot posar a disposici\u00f3 dels Usuaris mitjans de vincle (com ara, entre d&#8217;altres, links, banners, botons), directoris i motors de cerca que permeten als Usuaris accedir a llocs web pertanyents i\/o gestionats per tercers.<\/p>\n<p dir=\"auto\">La instal\u00b7laci\u00f3 d&#8217;aquests enlla\u00e7os, directoris i motors de cerca en el Lloc Web t\u00e9 per objecte facilitar als Usuaris la cerca i acc\u00e9s a la informaci\u00f3 disponible a Internet, sense que aix\u00f2 suposi sugger\u00e8ncia, recomanaci\u00f3 o invitaci\u00f3 per a la visita dels mateixos.<\/p>\n<p dir=\"auto\">Sociedad no ofereix ni comercialitza per si ni per mitj\u00e0 de tercers els productes i\/o serveis disponibles en els llocs enlla\u00e7ats.<\/p>\n<p dir=\"auto\">Sociedad ofereix continguts patrocinats, anuncis i\/o enlla\u00e7os d&#8217;afiliats. La informaci\u00f3 que apareix en aquests enlla\u00e7os d&#8217;afiliats o els anuncis inserits, \u00e9s facilitada pels propis anunciants, per la qual cosa Sociedad no es fa responsable de possibles inexactituds o errors que puguin contenir els anuncis, ni garanteix en cap manera l&#8217;experi\u00e8ncia, integritat o responsabilitat dels anunciants o la qualitat dels seus productes i\/o serveis.<\/p>\n<p dir=\"auto\">Aix\u00ed mateix, tampoc no garantir\u00e0 la disponibilitat t\u00e8cnica, exactitud, veracitat, validesa o legalitat de llocs aliens a la seva propietat als quals es pugui accedir per mitj\u00e0 dels enlla\u00e7os.<\/p>\n<p dir=\"auto\">Sociedad en cap cas revisar\u00e0 o controlar\u00e0 el contingut d&#8217;altres llocs web, aix\u00ed com tampoc no aprovar\u00e0, examinar\u00e0 ni far\u00e0 seus els productes, serveis, continguts, arxius i qualsevol altre material existent en els referits llocs enlla\u00e7ats.<\/p>\n<p dir=\"auto\">Sociedad no assumeix cap responsabilitat pels danys i perjudicis que puguin produir-se per l&#8217;acc\u00e9s, \u00fas, qualitat o llicitud dels continguts, comunicacions, opinions, productes i serveis dels llocs web no gestionats per Sociedad i que estiguin enlla\u00e7ats en aquest Lloc Web.<\/p>\n<p dir=\"auto\">L&#8217;Usuari o tercer que realitzi un hipervincle des d&#8217;una p\u00e0gina web d&#8217;un altre, diferent lloc web al Lloc Web de Sociedad haur\u00e0 de saber que:<\/p>\n<p dir=\"auto\">No es permet la reproducci\u00f3 \u2014total o parcial\u2014 de cap dels Continguts i\/o Serveis del Lloc Web sense autoritzaci\u00f3 expressa de Sociedad.<\/p>\n<p dir=\"auto\">No es permet tampoc cap manifestaci\u00f3 falsa, inexacta o incorrecta sobre el Lloc Web de Sociedad, ni sobre els Continguts i\/o Serveis del mateix.<\/p>\n<p dir=\"auto\">A excepci\u00f3 de l&#8217;hipervincle, el lloc web en el qual s&#8217;estableixi aquest hiverncle no contindr\u00e0 cap element, d&#8217;aquest Lloc Web, protegit com a propietat intel\u00b7lectual pel sistema jur\u00eddic espanyol, sense l&#8217;autoritzaci\u00f3 expressa de Sociedad.<\/p>\n<p dir=\"auto\">L&#8217;establiment de l&#8217;hipervincle no implicar\u00e0 l&#8217;exist\u00e8ncia de relacions entre Sociedad i el titular del lloc web des del qual es realitzi, ni el coneixement i acceptaci\u00f3 de Sociedad dels continguts, serveis i\/o activitats oferts en aquest lloc web, i viceversa.<\/p>\n<h4 dir=\"auto\">V. PROPIETAT INTEL\u00b7LECTUAL I INDUSTRIAL<\/h4>\n<p dir=\"auto\">Sociedad, per si o com a cession\u00e0ria, \u00e9s titular de tots els drets de propietat intel\u00b7lectual i industrial del Lloc Web, aix\u00ed com dels elements continguts en el mateix (a t\u00edtol enunciatiu i no exhaustiu, imatges, so, \u00e0udio, v\u00eddeo, programari o textos, marques o logotips, combinacions de colors, estructura i disseny, selecci\u00f3 de materials utilitzats, programes d&#8217;ordinador necessaris per al seu funcionament, acc\u00e9s i \u00fas, etc.). Per tant, s\u00f3n obres protegides com a propietat intel\u00b7lectual pel sistema jur\u00eddic espanyol, sent-los-hi aplicables tant la normativa espanyola i comunit\u00e0ria en aquesta mat\u00e8ria, com els tractats internacionals relatius a la mat\u00e8ria i subscrits per Espanya.<\/p>\n<p dir=\"auto\">Tots els drets reservats. En virtut del que disposa la Llei de Propietat Intel\u00b7lectual, queden expressament prohibides la reproducci\u00f3, distribuci\u00f3 i comunicaci\u00f3 p\u00fablica, inclosa la seva modalitat de posada a disposici\u00f3, de la totalitat o part dels continguts d&#8217;aquesta p\u00e0gina web, amb finalitats comercials, en qualsevol suport i per qualsevol mitj\u00e0 t\u00e8cnic, sense l&#8217;autoritzaci\u00f3 de Sociedad.<\/p>\n<p dir=\"auto\">L&#8217;Usuari s&#8217;obliga a respectar els drets de propietat intel\u00b7lectual i industrial de Sociedad. Podr\u00e0 visualitzar els elements del Lloc Web o fins i tot imprimir-los, copiar-los i emmagatzemar-los en el disc dur del seu ordinador o en qualsevol altre suport f\u00edsic sempre que sigui, exclusivament, per al seu \u00fas personal i privat. L&#8217;Usuari, tanmateix, no podr\u00e0 suprimir, alterar, o manipular cap dispositiu de protecci\u00f3 o sistema de seguretat que estigu\u00e9s instal\u00b7lat en el Lloc Web.<\/p>\n<p dir=\"auto\">En cas que l&#8217;Usuari o un tercer consideri que algun dels Continguts del Lloc Web vulnera els drets de protecci\u00f3 de la propietat intel\u00b7lectual, haur\u00e0 de comunicar-ho immediatament a Sociedad a trav\u00e9s dels dades de contacte del apartat d&#8217;INFORMACI\u00d3 GENERAL d&#8217;aquest Av\u00eds Legal i Condicions Generals d&#8217;\u00das.<\/p>\n<h4 dir=\"auto\">VI. ACCIONS LEGALS, LEGISLACI\u00d3 APLICABLE I JURISDICCI\u00d3<\/h4>\n<p dir=\"auto\">Sociedad es reserva la facultat de presentar les accions civils o penals que consideri necess\u00e0ries per la utilitzaci\u00f3 indeguda del Lloc Web i Continguts, o per l&#8217;incompliment de les presents Condicions.<\/p>\n<p dir=\"auto\">La relaci\u00f3 entre l&#8217;Usuari i Sociedad es regir\u00e0 per la normativa vigent i d&#8217;aplicaci\u00f3 en el territori espanyol. En cas de controv\u00e8rsia en relaci\u00f3 amb la interpretaci\u00f3 i\/o aplicaci\u00f3 d&#8217;aquestes Condicions, les parts sotmetran els seus conflictes a la jurisdicci\u00f3 ordin\u00e0ria, sotmetent-se als jutjats i tribunals que corresponguin segons dret.<\/p>\n<p dir=\"auto\">Aquest document d&#8217;Av\u00eds Legal i Condicions Generals d&#8217;\u00fas del lloc web ha estat creat mitjan\u00e7ant el generador de plantilla d&#8217;av\u00eds legal i condicions d&#8217;\u00fas en l\u00ednia el dia 14\/02\/2025.<\/p>\t\t\t\t\t\t\t\t<\/div>\n\t\t\t\t<\/div>\n\t\t\t\t\t<\/div>\n\t\t\t\t<\/div>\n\t\t\t\t<\/div>","protected":false},"excerpt":{"rendered":"<p>AVISO LEGAL Y CONDICIONES GENERALES DE USO www.horecaleadership.com I. INFORMACI\u00d3N GENERAL En cumplimiento con el deber de informaci\u00f3n dispuesto en la Ley 34\/2002 de Servicios de la Sociedad de la Informaci\u00f3n y el Comercio Electr\u00f3nico (LSSI-CE) de 11 de julio, se facilitan a continuaci\u00f3n los siguientes datos de informaci\u00f3n general de este sitio web: La [&hellip;]<\/p>","protected":false},"author":1,"featured_media":0,"parent":0,"menu_order":0,"comment_status":"closed","ping_status":"closed","template":"","meta":{"footnotes":""},"class_list":["post-2154","page","type-page","status-publish","hentry"],"_links":{"self":[{"href":"https:\/\/horecaleadership.com\/ca\/wp-json\/wp\/v2\/pages\/2154","targetHints":{"allow":["GET"]}}],"collection":[{"href":"https:\/\/horecaleadership.com\/ca\/wp-json\/wp\/v2\/pages"}],"about":[{"href":"https:\/\/horecaleadership.com\/ca\/wp-json\/wp\/v2\/types\/page"}],"author":[{"embeddable":true,"href":"https:\/\/horecaleadership.com\/ca\/wp-json\/wp\/v2\/users\/1"}],"replies":[{"embeddable":true,"href":"https:\/\/horecaleadership.com\/ca\/wp-json\/wp\/v2\/comments?post=2154"}],"version-history":[{"count":31,"href":"https:\/\/horecaleadership.com\/ca\/wp-json\/wp\/v2\/pages\/2154\/revisions"}],"predecessor-version":[{"id":2961,"href":"https:\/\/horecaleadership.com\/ca\/wp-json\/wp\/v2\/pages\/2154\/revisions\/2961"}],"wp:attachment":[{"href":"https:\/\/horecaleadership.com\/ca\/wp-json\/wp\/v2\/media?parent=2154"}],"curies":[{"name":"wp","href":"https:\/\/api.w.org\/{rel}","templated":true}]}}