{"id":2159,"date":"2025-02-14T10:40:26","date_gmt":"2025-02-14T09:40:26","guid":{"rendered":"https:\/\/horecaleadership.com\/?page_id=2159"},"modified":"2025-06-03T13:25:52","modified_gmt":"2025-06-03T11:25:52","slug":"politica-de-cookies","status":"publish","type":"page","link":"https:\/\/horecaleadership.com\/ca\/politica-de-cookies\/","title":{"rendered":"Pol\u00edtica de cookies"},"content":{"rendered":"<div data-elementor-type=\"wp-page\" data-elementor-id=\"2159\" class=\"elementor elementor-2159\" data-elementor-post-type=\"page\">\n\t\t\t\t<div class=\"elementor-element elementor-element-6aab72d e-flex e-con-boxed e-con e-parent\" data-id=\"6aab72d\" data-element_type=\"container\">\n\t\t\t\t\t<div class=\"e-con-inner\">\n\t\t\t\t<div class=\"elementor-element elementor-element-aef3d30 elementor-widget elementor-widget-text-editor\" data-id=\"aef3d30\" data-element_type=\"widget\" data-no-translation=\"\" data-widget_type=\"text-editor.default\">\n\t\t\t\t<div class=\"elementor-widget-container\">\n\t\t\t\t\t<style>.elementor-element-aef3d30{display:none !important}<\/style>\t\t\t\t<\/div>\n\t\t\t\t<\/div>\n\t\t\t\t<div class=\"elementor-element elementor-element-610c13f elementor-widget elementor-widget-text-editor\" data-id=\"610c13f\" data-element_type=\"widget\" data-no-translation=\"\" data-widget_type=\"text-editor.default\">\n\t\t\t\t<div class=\"elementor-widget-container\">\n\t\t\t\t\t<style>.elementor-element-610c13f{display:none !important}<\/style>\t\t\t\t<\/div>\n\t\t\t\t<\/div>\n\t\t\t\t<div class=\"elementor-element elementor-element-edae923 elementor-widget elementor-widget-text-editor\" data-id=\"edae923\" data-element_type=\"widget\" data-no-translation=\"\" data-widget_type=\"text-editor.default\">\n\t\t\t\t<div class=\"elementor-widget-container\">\n\t\t\t\t\t\t\t\t\t<h3>POL\u00cdTICA DE COOKIES<\/h3><h4 dir=\"auto\"><a href=\"http:\/\/www.horecaleadership.com\/\">www.horecaleadership.com<\/a><\/h4><hr \/><p dir=\"auto\">L&#8217;acc\u00e9s a aquest Lloc Web pot implicar l&#8217;\u00fas de cookies. Les cookies s\u00f3n petites quantitats d&#8217;informaci\u00f3 emmagatzemades en el navegador utilitzat per cada Usuari \u2014en els diferents dispositius que pugui utilitzar per navegar\u2014 perqu\u00e8 el servidor recordi certa informaci\u00f3 que posteriorment i \u00fanicament el servidor que la va implementar llegir\u00e0. Les cookies faciliten la navegaci\u00f3, la fan m\u00e9s amigable, i no danyen el dispositiu de navegaci\u00f3.<\/p><p dir=\"auto\">Les cookies s\u00f3n procediments autom\u00e0tics de recollida d&#8217;informaci\u00f3 relativa a les prefer\u00e8ncies determinades per l&#8217;Usuari durant la seva visita al Lloc Web amb la finalitat de recon\u00e8ixer-lo com a Usuari i personalitzar la seva experi\u00e8ncia i l&#8217;\u00fas del Lloc Web, i tamb\u00e9, per exemple, poden ajudar a identificar i resoldre errors.<\/p><p dir=\"auto\">La informaci\u00f3 recopilada a trav\u00e9s de les cookies pot incloure la data i hora de visites al Lloc Web, les p\u00e0gines visualitzades, el temps que s&#8217;ha estat al Lloc Web i els llocs visitats just abans i despr\u00e9s d&#8217;aquest. No obstant aix\u00f2, cap cookie permet que aquesta mateixa pugui contactar amb el n\u00famero de tel\u00e8fon de l&#8217;Usuari o amb cap altre mitj\u00e0 de contacte personal. Cap cookie pot extreure informaci\u00f3 del disc dur de l&#8217;Usuari o robar informaci\u00f3 personal. L&#8217;\u00fanica manera que la informaci\u00f3 privada de l&#8217;Usuari formi part del fitxer Cookie \u00e9s que l&#8217;usuari doni personalment aquesta informaci\u00f3 al servidor.<\/p><p dir=\"auto\">Les cookies que permeten identificar a una persona es consideren dades personals. Per tant, a aquestes se&#8217;ls aplicar\u00e0 la Pol\u00edtica de Privacitat anteriorment descrita. En aquest sentit, per a la seva utilitzaci\u00f3 ser\u00e0 necessari el consentiment de l&#8217;Usuari. Aquest consentiment ser\u00e0 comunicat, en base a una elecci\u00f3 aut\u00e8ntica, oferta mitjan\u00e7ant una decisi\u00f3 afirmativa i positiva, abans del tractament inicial, revocable i documentat.<\/p><h4 dir=\"auto\">Cookies pr\u00f2pies<\/h4><p dir=\"auto\">S\u00f3n aquelles cookies que s\u00f3n enviades a l&#8217;ordinador o dispositiu de l&#8217;Usuari i gestionades exclusivament per la Societat per al millor funcionament del Lloc Web. La informaci\u00f3 que es recopila s&#8217;empra per millorar la qualitat del Lloc Web i el seu Contingut i la seva experi\u00e8ncia com a Usuari. Aquestes cookies permeten recon\u00e8ixer a l&#8217;Usuari com a visitant recurrent del Lloc Web i adaptar el contingut per oferir-li continguts que s&#8217;ajustin a les seves prefer\u00e8ncies.<\/p><h4 dir=\"auto\">Cookies de tercers<\/h4><p dir=\"auto\">S\u00f3n cookies utilitzades i gestionades per entitats externes que proporcionen a la Societat serveis sol\u00b7licitats per aquesta mateixa per millorar el Lloc Web i l&#8217;experi\u00e8ncia de l&#8217;usuari en navegar pel Lloc Web. Els principals objectius per als quals s&#8217;utilitzen cookies de tercers s\u00f3n l&#8217;obtenci\u00f3 d&#8217;estad\u00edstiques d&#8217;acc\u00e9s i analitzar la informaci\u00f3 de la navegaci\u00f3, \u00e9s a dir, com interactua l&#8217;Usuari amb el Lloc Web.<\/p><p dir=\"auto\">La informaci\u00f3 que s&#8217;obt\u00e9 es refereix, per exemple, al nombre de p\u00e0gines visitades, l&#8217;idioma, el lloc al qual la direcci\u00f3 IP des del qual accedeix l&#8217;Usuari, el nombre d&#8217;Usuaris que accedeixen, la freq\u00fc\u00e8ncia i reincid\u00e8ncia de les visites, el temps de visita, el navegador que usen, l&#8217;operador o tipus de dispositiu des del qual es realitza la visita. Aquesta informaci\u00f3 s&#8217;utilitza per millorar el Lloc Web i detectar noves necessitats per oferir als Usuaris un Contingut i\/o servei de qualitat \u00f2ptima. En tot cas, la informaci\u00f3 es recopila de manera an\u00f2nima i s&#8217;elaboren informes de tend\u00e8ncies del Lloc Web sense identificar a usuaris individuals.<\/p><p dir=\"auto\">Podeu obtenir m\u00e9s informaci\u00f3 sobre les cookies, la informaci\u00f3 sobre la privacitat, o consultar la descripci\u00f3 del tipus de cookies que s&#8217;utilitzen, les seves principals caracter\u00edstiques, per\u00edode d&#8217;expiraci\u00f3, etc., en el(s) seg\u00fcent(s) enlla\u00e7(os):<\/p><h4 dir=\"auto\">Google Analytics<\/h4><p dir=\"auto\">La(s) entitat(s) encarregada(s) del subministrament de cookies podr\u00e0(n) cedir aquesta informaci\u00f3 a tercers, sempre que ho exigeixi la llei o sigui un tercer el que processi aquesta informaci\u00f3 per a aquestes entitats.<\/p><h4 dir=\"auto\">Cookies de xarxes socials<\/h4><p dir=\"auto\">La Societat incorpora plugins de xarxes socials, que permeten accedir a aquestes des del Lloc Web. Per aquesta ra\u00f3, les cookies de xarxes socials poden emmagatzemar-se en el navegador de l&#8217;Usuari. Els titulars d&#8217;aquestes xarxes socials disposen de les seves pr\u00f2pies pol\u00edtiques de protecci\u00f3 de dades i de cookies, sent ells mateixos, en cada cas, responsables dels seus propis fitxers i de les seves pr\u00f2pies pr\u00e0ctiques de privacitat. L&#8217;Usuari ha de referir-se a aquestes per informar-se sobre aquestes cookies i, si escau, del tractament dels seus dades personals. \u00danicament a t\u00edtol informatiu, s&#8217;indiquen a continuaci\u00f3 els enlla\u00e7os on es poden consultar aquestes pol\u00edtiques de privacitat i\/o de cookies:<\/p><ul><li>Facebook:\u00a0<a href=\"https:\/\/www.facebook.com\/policies\/cookies\/\">https:\/\/www.facebook.com\/policies\/cookies\/<\/a><\/li><li>Twitter:\u00a0<a href=\"https:\/\/twitter.com\/es\/privacy\">https:\/\/twitter.com\/es\/privacy<\/a><\/li><li>Instagram:\u00a0<a href=\"https:\/\/help.instagram.com\/1896641480634370?ref=ig\">https:\/\/help.instagram.com\/1896641480634370?ref=ig<\/a><\/li><li>YouTube:\u00a0<a href=\"https:\/\/policies.google.com\/privacy?hl=es-419&amp;gl=mx\">https:\/\/policies.google.com\/privacy?hl=es-419&amp;gl=mx<\/a><\/li><li>Pinterest:\u00a0<a href=\"https:\/\/policy.pinterest.com\/es\/privacy-policy\">https:\/\/policy.pinterest.com\/es\/privacy-policy<\/a><\/li><li>LinkedIn:\u00a0<a href=\"https:\/\/www.linkedin.com\/legal\/cookie-policy?trk=hp-cookies\">https:\/\/www.linkedin.com\/legal\/cookie-policy?trk=hp-cookies<\/a><\/li><\/ul><h4 dir=\"auto\">Deshabilitar, rebutjar i eliminar cookies<\/h4><p dir=\"auto\">L&#8217;Usuari pot deshabilitar, rebutjar i eliminar les cookies \u2014totalment o parcialment\u2014 instal\u00b7lades en el seu dispositiu mitjan\u00e7ant la configuraci\u00f3 del seu navegador (entre els quals es troben, per exemple, Chrome, Firefox, Safari, Explorer). En aquest sentit, els procediments per rebutjar i eliminar les cookies poden diferir d&#8217;un navegador d&#8217;Internet a un altre. En conseq\u00fc\u00e8ncia, l&#8217;Usuari ha de dirigir-se a les instruccions facilitades pel propi navegador d&#8217;Internet que estigui utilitzant. En el sup\u00f2sit que rebutgi l&#8217;\u00fas de cookies \u2014totalment o parcialment\u2014 podr\u00e0 seguir usant el Lloc Web, si b\u00e9 podr\u00e0 tenir limitada l&#8217;utilitzaci\u00f3 de algunes de les seves prestacions.<\/p><p dir=\"auto\">Aquest document de Pol\u00edtica de Cookies ha estat creat mitjan\u00e7ant el generador de plantilla de pol\u00edtica de cookies web gratu\u00eft en l\u00ednia el dia 14\/02\/2025.<\/p>\t\t\t\t\t\t\t\t<\/div>\n\t\t\t\t<\/div>\n\t\t\t\t\t<\/div>\n\t\t\t\t<\/div>\n\t\t\t\t<\/div>","protected":false},"excerpt":{"rendered":"<p>POL\u00cdTICA DE COOKIES www.horecaleadership.com El acceso a este Sitio Web puede implicar la utilizaci\u00f3n de cookies. Las cookies son peque\u00f1as cantidades de informaci\u00f3n que se almacenan en el navegador utilizado por cada Usuario \u2014en los distintos dispositivos que pueda utilizar para navegar\u2014 para que el servidor recuerde cierta informaci\u00f3n que posteriormente y \u00fanicamente el servidor [&hellip;]<\/p>","protected":false},"author":1,"featured_media":0,"parent":0,"menu_order":0,"comment_status":"closed","ping_status":"closed","template":"","meta":{"footnotes":""},"class_list":["post-2159","page","type-page","status-publish","hentry"],"_links":{"self":[{"href":"https:\/\/horecaleadership.com\/ca\/wp-json\/wp\/v2\/pages\/2159","targetHints":{"allow":["GET"]}}],"collection":[{"href":"https:\/\/horecaleadership.com\/ca\/wp-json\/wp\/v2\/pages"}],"about":[{"href":"https:\/\/horecaleadership.com\/ca\/wp-json\/wp\/v2\/types\/page"}],"author":[{"embeddable":true,"href":"https:\/\/horecaleadership.com\/ca\/wp-json\/wp\/v2\/users\/1"}],"replies":[{"embeddable":true,"href":"https:\/\/horecaleadership.com\/ca\/wp-json\/wp\/v2\/comments?post=2159"}],"version-history":[{"count":11,"href":"https:\/\/horecaleadership.com\/ca\/wp-json\/wp\/v2\/pages\/2159\/revisions"}],"predecessor-version":[{"id":2973,"href":"https:\/\/horecaleadership.com\/ca\/wp-json\/wp\/v2\/pages\/2159\/revisions\/2973"}],"wp:attachment":[{"href":"https:\/\/horecaleadership.com\/ca\/wp-json\/wp\/v2\/media?parent=2159"}],"curies":[{"name":"wp","href":"https:\/\/api.w.org\/{rel}","templated":true}]}}